{"id":16945,"date":"2026-05-13T08:59:44","date_gmt":"2026-05-13T06:59:44","guid":{"rendered":"https:\/\/balzer-gartengestaltung.de\/?page_id=16945"},"modified":"2026-05-13T09:25:24","modified_gmt":"2026-05-13T07:25:24","slug":"minijob-bei-balzer","status":"publish","type":"page","link":"https:\/\/balzer-gartengestaltung.de\/?page_id=16945","title":{"rendered":"Minijob bei Balzer"},"content":{"rendered":"\t\t<div data-elementor-type=\"wp-page\" data-elementor-id=\"16945\" class=\"elementor elementor-16945\" data-elementor-post-type=\"page\">\n\t\t\t\t<div class=\"elementor-element elementor-element-73fac06 e-flex e-con-boxed e-con e-parent\" data-id=\"73fac06\" data-element_type=\"container\" data-e-type=\"container\">\n\t\t\t\t\t<div class=\"e-con-inner\">\n\t\t<div class=\"elementor-element elementor-element-22c2ccb e-con-full e-flex e-con e-child\" data-id=\"22c2ccb\" data-element_type=\"container\" data-e-type=\"container\">\n\t\t\t\t<\/div>\n\t\t<div class=\"elementor-element elementor-element-c05a05e e-con-full e-flex elementor-invisible e-con e-child\" data-id=\"c05a05e\" data-element_type=\"container\" data-e-type=\"container\" data-settings=\"{&quot;animation&quot;:&quot;fadeInDown&quot;}\">\n\t\t<div class=\"elementor-element elementor-element-8674402 e-con-full e-flex","protected":false},"excerpt":{"rendered":"<p>MINIJOB BEI BALZER Wir suchen Fahrer (m\/w\/d) sowie Haus- und Hof-Allrounder (m\/w\/d) FAHRER (M\/W\/D) Das solltest Du mitbringen .st0 { fill: #fff;<\/p>\n","protected":false},"author":1,"featured_media":16948,"parent":0,"menu_order":0,"comment_status":"closed","ping_status":"closed","template":"elementor_header_footer","meta":{"footnotes":""},"class_list":["post-16945","page","type-page","status-publish","has-post-thumbnail","hentry"],"yoast_head":"<!-- This site is optimized with the Yoast SEO plugin v27.4 - https:\/\/yoast.com\/product\/yoast-seo-wordpress\/ -->\n<title>Minijob bei Balzer -<\/title>\n<meta name=\"description\" content=\"Wir suchen Fahrer (m\/w\/d, Minijob) sowie Haus- und Hof-Allrounder (m\/w\/d, Minijob). Werde Teil unseres famili\u00e4ren Teams und unterst\u00fctze uns mit Deinem Engagement und K\u00f6nnen.\" \/>\n<meta name=\"robots\" content=\"index, follow, max-snippet:-1, max-image-preview:large, max-video-preview:-1\" \/>\n<link rel=\"canonical\" href=\"https:\/\/balzer-gartengestaltung.de\/?page_id=16945\" \/>\n<meta property=\"og:locale\" content=\"de_DE\" \/>\n<meta property=\"og:type\" content=\"article\" \/>\n<meta property=\"og:title\" content=\"Minijob bei Balzer -\" \/>\n<meta property=\"og:description\" content=\"Wir suchen Fahrer (m\/w\/d, Minijob) sowie Haus- und Hof-Allrounder (m\/w\/d, Minijob). Werde Teil unseres famili\u00e4ren Teams und unterst\u00fctze uns mit Deinem Engagement und K\u00f6nnen.\" \/>\n<meta property=\"og:url\" content=\"https:\/\/balzer-gartengestaltung.de\/?page_id=16945\" \/>\n<meta property=\"article:publisher\" content=\"https:\/\/www.facebook.com\/p\/Balzer-Garten-und-Landschaftsbau-100078155521552\" \/>\n<meta property=\"article:modified_time\" content=\"2026-05-13T07:25:24+00:00\" \/>\n<meta property=\"og:image\" content=\"https:\/\/balzer-gartengestaltung.de\/wp-content\/uploads\/2026\/05\/Minijob-Fahrer-und-Hof-Allrounder.jpg\" \/>\n\t<meta property=\"og:image:width\" content=\"1264\" \/>\n\t<meta property=\"og:image:height\" content=\"848\" \/>\n\t<meta property=\"og:image:type\" content=\"image\/jpeg\" \/>\n<meta name=\"twitter:card\" content=\"summary_large_image\" \/>\n<meta name=\"twitter:label1\" content=\"Gesch\u00e4tzte Lesezeit\" \/>\n\t<meta name=\"twitter:data1\" content=\"2\u00a0Minuten\" \/>\n<script type=\"application\/ld+json\" class=\"yoast-schema-graph\">{\"@context\":\"https:\\\/\\\/schema.org\",\"@graph\":[{\"@type\":\"WebPage\",\"@id\":\"https:\\\/\\\/balzer-gartengestaltung.de\\\/?page_id=16945\",\"url\":\"https:\\\/\\\/balzer-gartengestaltung.de\\\/?page_id=16945\",\"name\":\"Minijob bei Balzer -\",\"isPartOf\":{\"@id\":\"https:\\\/\\\/balzer-gartengestaltung.de\\\/#website\"},\"primaryImageOfPage\":{\"@id\":\"https:\\\/\\\/balzer-gartengestaltung.de\\\/?page_id=16945#primaryimage\"},\"image\":{\"@id\":\"https:\\\/\\\/balzer-gartengestaltung.de\\\/?page_id=16945#primaryimage\"},\"thumbnailUrl\":\"https:\\\/\\\/balzer-gartengestaltung.de\\\/wp-content\\\/uploads\\\/2026\\\/05\\\/Minijob-Fahrer-und-Hof-Allrounder.jpg\",\"datePublished\":\"2026-05-13T06:59:44+00:00\",\"dateModified\":\"2026-05-13T07:25:24+00:00\",\"description\":\"Wir suchen Fahrer (m\\\/w\\\/d, Minijob) sowie Haus- und Hof-Allrounder (m\\\/w\\\/d, Minijob). Werde Teil unseres famili\u00e4ren Teams und unterst\u00fctze uns mit Deinem Engagement und K\u00f6nnen.\",\"breadcrumb\":{\"@id\":\"https:\\\/\\\/balzer-gartengestaltung.de\\\/?page_id=16945#breadcrumb\"},\"inLanguage\":\"de\",\"potentialAction\":[{\"@type\":\"ReadAction\",\"target\":[\"https:\\\/\\\/balzer-gartengestaltung.de\\\/?page_id=16945\"]}]},{\"@type\":\"ImageObject\",\"inLanguage\":\"de\",\"@id\":\"https:\\\/\\\/balzer-gartengestaltung.de\\\/?page_id=16945#primaryimage\",\"url\":\"https:\\\/\\\/balzer-gartengestaltung.de\\\/wp-content\\\/uploads\\\/2026\\\/05\\\/Minijob-Fahrer-und-Hof-Allrounder.jpg\",\"contentUrl\":\"https:\\\/\\\/balzer-gartengestaltung.de\\\/wp-content\\\/uploads\\\/2026\\\/05\\\/Minijob-Fahrer-und-Hof-Allrounder.jpg\",\"width\":1264,\"height\":848},{\"@type\":\"BreadcrumbList\",\"@id\":\"https:\\\/\\\/balzer-gartengestaltung.de\\\/?page_id=16945#breadcrumb\",\"itemListElement\":[{\"@type\":\"ListItem\",\"position\":1,\"name\":\"Start\",\"item\":\"https:\\\/\\\/balzer-gartengestaltung.de\\\/\"},{\"@type\":\"ListItem\",\"position\":2,\"name\":\"Minijob bei Balzer\"}]},{\"@type\":\"WebSite\",\"@id\":\"https:\\\/\\\/balzer-gartengestaltung.de\\\/#website\",\"url\":\"https:\\\/\\\/balzer-gartengestaltung.de\\\/\",\"name\":\"balzer-gartengestaltung\",\"description\":\"\",\"publisher\":{\"@id\":\"https:\\\/\\\/balzer-gartengestaltung.de\\\/#organization\"},\"potentialAction\":[{\"@type\":\"SearchAction\",\"target\":{\"@type\":\"EntryPoint\",\"urlTemplate\":\"https:\\\/\\\/balzer-gartengestaltung.de\\\/?s={search_term_string}\"},\"query-input\":{\"@type\":\"PropertyValueSpecification\",\"valueRequired\":true,\"valueName\":\"search_term_string\"}}],\"inLanguage\":\"de\"},{\"@type\":\"Organization\",\"@id\":\"https:\\\/\\\/balzer-gartengestaltung.de\\\/#organization\",\"name\":\"Balzer Garten & Landschaftsbau Natursteinhandel GmbH\",\"url\":\"https:\\\/\\\/balzer-gartengestaltung.de\\\/\",\"logo\":{\"@type\":\"ImageObject\",\"inLanguage\":\"de\",\"@id\":\"https:\\\/\\\/balzer-gartengestaltung.de\\\/#\\\/schema\\\/logo\\\/image\\\/\",\"url\":\"https:\\\/\\\/balzer-gartengestaltung.de\\\/wp-content\\\/uploads\\\/2025\\\/01\\\/cropped-Screenshot-2024-11-18-131313.png\",\"contentUrl\":\"https:\\\/\\\/balzer-gartengestaltung.de\\\/wp-content\\\/uploads\\\/2025\\\/01\\\/cropped-Screenshot-2024-11-18-131313.png\",\"width\":409,\"height\":196,\"caption\":\"Balzer Garten & Landschaftsbau Natursteinhandel GmbH\"},\"image\":{\"@id\":\"https:\\\/\\\/balzer-gartengestaltung.de\\\/#\\\/schema\\\/logo\\\/image\\\/\"},\"sameAs\":[\"https:\\\/\\\/www.facebook.com\\\/p\\\/Balzer-Garten-und-Landschaftsbau-100078155521552\",\"https:\\\/\\\/www.tiktok.com\\\/@balzer_gartengestaltung\",\"https:\\\/\\\/www.instagram.com\\\/balzer_gartengestaltung\\\/\"]}]}<\/script>\n<!-- \/ Yoast SEO plugin. -->","yoast_head_json":{"title":"Minijob bei Balzer -","description":"Wir suchen Fahrer (m\/w\/d, Minijob) sowie Haus- und Hof-Allrounder (m\/w\/d, Minijob). Werde Teil unseres famili\u00e4ren Teams und unterst\u00fctze uns mit Deinem Engagement und K\u00f6nnen.","robots":{"index":"index","follow":"follow","max-snippet":"max-snippet:-1","max-image-preview":"max-image-preview:large","max-video-preview":"max-video-preview:-1"},"canonical":"https:\/\/balzer-gartengestaltung.de\/?page_id=16945","og_locale":"de_DE","og_type":"article","og_title":"Minijob bei Balzer -","og_description":"Wir suchen Fahrer (m\/w\/d, Minijob) sowie Haus- und Hof-Allrounder (m\/w\/d, Minijob). Werde Teil unseres famili\u00e4ren Teams und unterst\u00fctze uns mit Deinem Engagement und K\u00f6nnen.","og_url":"https:\/\/balzer-gartengestaltung.de\/?page_id=16945","article_publisher":"https:\/\/www.facebook.com\/p\/Balzer-Garten-und-Landschaftsbau-100078155521552","article_modified_time":"2026-05-13T07:25:24+00:00","og_image":[{"width":1264,"height":848,"url":"https:\/\/balzer-gartengestaltung.de\/wp-content\/uploads\/2026\/05\/Minijob-Fahrer-und-Hof-Allrounder.jpg","type":"image\/jpeg"}],"twitter_card":"summary_large_image","twitter_misc":{"Gesch\u00e4tzte Lesezeit":"2\u00a0Minuten"},"schema":{"@context":"https:\/\/schema.org","@graph":[{"@type":"WebPage","@id":"https:\/\/balzer-gartengestaltung.de\/?page_id=16945","url":"https:\/\/balzer-gartengestaltung.de\/?page_id=16945","name":"Minijob bei Balzer -","isPartOf":{"@id":"https:\/\/balzer-gartengestaltung.de\/#website"},"primaryImageOfPage":{"@id":"https:\/\/balzer-gartengestaltung.de\/?page_id=16945#primaryimage"},"image":{"@id":"https:\/\/balzer-gartengestaltung.de\/?page_id=16945#primaryimage"},"thumbnailUrl":"https:\/\/balzer-gartengestaltung.de\/wp-content\/uploads\/2026\/05\/Minijob-Fahrer-und-Hof-Allrounder.jpg","datePublished":"2026-05-13T06:59:44+00:00","dateModified":"2026-05-13T07:25:24+00:00","description":"Wir suchen Fahrer (m\/w\/d, Minijob) sowie Haus- und Hof-Allrounder (m\/w\/d, Minijob). Werde Teil unseres famili\u00e4ren Teams und unterst\u00fctze uns mit Deinem Engagement und K\u00f6nnen.","breadcrumb":{"@id":"https:\/\/balzer-gartengestaltung.de\/?page_id=16945#breadcrumb"},"inLanguage":"de","potentialAction":[{"@type":"ReadAction","target":["https:\/\/balzer-gartengestaltung.de\/?page_id=16945"]}]},{"@type":"ImageObject","inLanguage":"de","@id":"https:\/\/balzer-gartengestaltung.de\/?page_id=16945#primaryimage","url":"https:\/\/balzer-gartengestaltung.de\/wp-content\/uploads\/2026\/05\/Minijob-Fahrer-und-Hof-Allrounder.jpg","contentUrl":"https:\/\/balzer-gartengestaltung.de\/wp-content\/uploads\/2026\/05\/Minijob-Fahrer-und-Hof-Allrounder.jpg","width":1264,"height":848},{"@type":"BreadcrumbList","@id":"https:\/\/balzer-gartengestaltung.de\/?page_id=16945#breadcrumb","itemListElement":[{"@type":"ListItem","position":1,"name":"Start","item":"https:\/\/balzer-gartengestaltung.de\/"},{"@type":"ListItem","position":2,"name":"Minijob bei Balzer"}]},{"@type":"WebSite","@id":"https:\/\/balzer-gartengestaltung.de\/#website","url":"https:\/\/balzer-gartengestaltung.de\/","name":"balzer-gartengestaltung","description":"","publisher":{"@id":"https:\/\/balzer-gartengestaltung.de\/#organization"},"potentialAction":[{"@type":"SearchAction","target":{"@type":"EntryPoint","urlTemplate":"https:\/\/balzer-gartengestaltung.de\/?s={search_term_string}"},"query-input":{"@type":"PropertyValueSpecification","valueRequired":true,"valueName":"search_term_string"}}],"inLanguage":"de"},{"@type":"Organization","@id":"https:\/\/balzer-gartengestaltung.de\/#organization","name":"Balzer Garten & Landschaftsbau Natursteinhandel GmbH","url":"https:\/\/balzer-gartengestaltung.de\/","logo":{"@type":"ImageObject","inLanguage":"de","@id":"https:\/\/balzer-gartengestaltung.de\/#\/schema\/logo\/image\/","url":"https:\/\/balzer-gartengestaltung.de\/wp-content\/uploads\/2025\/01\/cropped-Screenshot-2024-11-18-131313.png","contentUrl":"https:\/\/balzer-gartengestaltung.de\/wp-content\/uploads\/2025\/01\/cropped-Screenshot-2024-11-18-131313.png","width":409,"height":196,"caption":"Balzer Garten & Landschaftsbau Natursteinhandel GmbH"},"image":{"@id":"https:\/\/balzer-gartengestaltung.de\/#\/schema\/logo\/image\/"},"sameAs":["https:\/\/www.facebook.com\/p\/Balzer-Garten-und-Landschaftsbau-100078155521552","https:\/\/www.tiktok.com\/@balzer_gartengestaltung","https:\/\/www.instagram.com\/balzer_gartengestaltung\/"]}]}},"_links":{"self":[{"href":"https:\/\/balzer-gartengestaltung.de\/index.php?rest_route=\/wp\/v2\/pages\/16945","targetHints":{"allow":["GET"]}}],"collection":[{"href":"https:\/\/balzer-gartengestaltung.de\/index.php?rest_route=\/wp\/v2\/pages"}],"about":[{"href":"https:\/\/balzer-gartengestaltung.de\/index.php?rest_route=\/wp\/v2\/types\/page"}],"author":[{"embeddable":true,"href":"https:\/\/balzer-gartengestaltung.de\/index.php?rest_route=\/wp\/v2\/users\/1"}],"replies":[{"embeddable":true,"href":"https:\/\/balzer-gartengestaltung.de\/index.php?rest_route=%2Fwp%2Fv2%2Fcomments&post=16945"}],"version-history":[{"count":4,"href":"https:\/\/balzer-gartengestaltung.de\/index.php?rest_route=\/wp\/v2\/pages\/16945\/revisions"}],"predecessor-version":[{"id":16951,"href":"https:\/\/balzer-gartengestaltung.de\/index.php?rest_route=\/wp\/v2\/pages\/16945\/revisions\/16951"}],"wp:featuredmedia":[{"embeddable":true,"href":"https:\/\/balzer-gartengestaltung.de\/index.php?rest_route=\/wp\/v2\/media\/16948"}],"wp:attachment":[{"href":"https:\/\/balzer-gartengestaltung.de\/index.php?rest_route=%2Fwp%2Fv2%2Fmedia&parent=16945"}],"curies":[{"name":"wp","href":"https:\/\/api.w.org\/{rel}","templated":true}]}}