{"id":8599,"date":"2025-05-20T10:19:56","date_gmt":"2025-05-20T08:19:56","guid":{"rendered":"http:\/\/web01\/balzer-gartengestaltung.de\/wordpress\/?page_id=8599"},"modified":"2026-04-09T19:56:25","modified_gmt":"2026-04-09T17:56:25","slug":"valu-sichtschutz","status":"publish","type":"page","link":"https:\/\/balzer-gartengestaltung.de\/?page_id=8599","title":{"rendered":"Valu Sichtschutz"},"content":{"rendered":"\t\t<div data-elementor-type=\"wp-page\" data-elementor-id=\"8599\" class=\"elementor elementor-8599\" data-elementor-post-type=\"page\">\n\t\t\t\t<div class=\"elementor-element elementor-element-b7fa344 e-con-full e-flex e-con e-parent\" data-id=\"b7fa344\" data-element_type=\"container\" data-e-type=\"container\">\n\t\t<div class=\"elementor-element elementor-element-39d431e e-con-full elementor-hidden-mobile e-flex e-con e-child\" data-id=\"39d431e\" data-element_type=\"container\" data-e-type=\"container\">\n\t\t\t\t<\/div>\n\t\t<div class=\"elementor-element elementor-element-94d7363 e-con-full e-transform e-flex e-con e-child\" data-id=\"94d7363\" data-element_type=\"container\" data-e-type=\"container\" data-settings=\"{&quot;_transform_scale_effect_tablet&quot;:{&quot;unit&quot;:&quot;px&quot;,&quot;size&quot;:0.9,&quot;sizes&quot;:[]},&quot;_transform_scale_effect&quot;:{&quot;unit&quot;:&quot;px&quot;,&quot;size&quot;:&quot;&quot;,&quot;sizes&quot;:[]},&quot;_transform_scale_effect_mobile&quot;:{&quot;unit&quot;:&quot;px&quot;,&quot;size&quot;:&quot;&quot;,&quot;sizes&quot;:[]}}\">\n\t\t\t\t<div class=\"elementor-element elementor-element-6983175 elementor-widget-tablet__width-initial e-transform","protected":false},"excerpt":{"rendered":"<p>@font-face { font-family: &#8218;Gotham Light&#8216;; src: url(&#8218;Gotham-Light.woff2&#8216;) format(&#8218;woff2&#8216;), url(&#8218;Gotham-Light.woff&#8216;) format(&#8218;woff&#8216;); font-weight: 300; } @font-face { font-family:<\/p>\n","protected":false},"author":1,"featured_media":0,"parent":0,"menu_order":0,"comment_status":"closed","ping_status":"closed","template":"elementor_header_footer","meta":{"footnotes":""},"class_list":["post-8599","page","type-page","status-publish","hentry"],"yoast_head":"<!-- This site is optimized with the Yoast SEO plugin v27.3 - https:\/\/yoast.com\/product\/yoast-seo-wordpress\/ -->\n<title>Valu Sichtschutz -<\/title>\n<meta name=\"description\" content=\"Valu Sichtschutz f\u00fcr Garten und Au\u00dfenbereich: moderne und langlebige Sichtschutzl\u00f6sungen f\u00fcr mehr Privatsph\u00e4re und Design. Balzer Gartengestaltung in Mittelhessen \u2013 individuell geplant und fachgerecht umgesetzt.\" \/>\n<meta name=\"robots\" content=\"index, follow, max-snippet:-1, max-image-preview:large, max-video-preview:-1\" \/>\n<link rel=\"canonical\" href=\"https:\/\/balzer-gartengestaltung.de\/Valu%20Sichtschutz\" \/>\n<meta property=\"og:locale\" content=\"de_DE\" \/>\n<meta property=\"og:type\" content=\"article\" \/>\n<meta property=\"og:title\" content=\"Valu Sichtschutz -\" \/>\n<meta property=\"og:description\" content=\"Valu Sichtschutz f\u00fcr Garten und Au\u00dfenbereich: moderne und langlebige Sichtschutzl\u00f6sungen f\u00fcr mehr Privatsph\u00e4re und Design. Balzer Gartengestaltung in Mittelhessen \u2013 individuell geplant und fachgerecht umgesetzt.\" \/>\n<meta property=\"og:url\" content=\"https:\/\/balzer-gartengestaltung.de\/Valu Sichtschutz\" \/>\n<meta property=\"article:publisher\" content=\"https:\/\/www.facebook.com\/p\/Balzer-Garten-und-Landschaftsbau-100078155521552\" \/>\n<meta property=\"article:modified_time\" content=\"2026-04-09T17:56:25+00:00\" \/>\n<meta property=\"og:image\" content=\"https:\/\/balzer-gartengestaltung.de\/wp-content\/uploads\/2025\/01\/Screenshot-5.png\" \/>\n<meta name=\"twitter:card\" content=\"summary_large_image\" \/>\n<meta name=\"twitter:label1\" content=\"Gesch\u00e4tzte Lesezeit\" \/>\n\t<meta name=\"twitter:data1\" content=\"3\u00a0Minuten\" \/>\n<script type=\"application\/ld+json\" class=\"yoast-schema-graph\">{\"@context\":\"https:\\\/\\\/schema.org\",\"@graph\":[{\"@type\":\"WebPage\",\"@id\":\"https:\\\/\\\/balzer-gartengestaltung.de\\\/?page_id=8599\",\"url\":\"https:\\\/\\\/balzer-gartengestaltung.de\\\/Valu%20Sichtschutz\",\"name\":\"Valu Sichtschutz -\",\"isPartOf\":{\"@id\":\"https:\\\/\\\/balzer-gartengestaltung.de\\\/#website\"},\"primaryImageOfPage\":{\"@id\":\"https:\\\/\\\/balzer-gartengestaltung.de\\\/Valu%20Sichtschutz#primaryimage\"},\"image\":{\"@id\":\"https:\\\/\\\/balzer-gartengestaltung.de\\\/Valu%20Sichtschutz#primaryimage\"},\"thumbnailUrl\":\"https:\\\/\\\/balzer-gartengestaltung.de\\\/wp-content\\\/uploads\\\/2025\\\/01\\\/Screenshot-5.png\",\"datePublished\":\"2025-05-20T08:19:56+00:00\",\"dateModified\":\"2026-04-09T17:56:25+00:00\",\"description\":\"Valu Sichtschutz f\u00fcr Garten und Au\u00dfenbereich: moderne und langlebige Sichtschutzl\u00f6sungen f\u00fcr mehr Privatsph\u00e4re und Design. Balzer Gartengestaltung in Mittelhessen \u2013 individuell geplant und fachgerecht umgesetzt.\",\"breadcrumb\":{\"@id\":\"https:\\\/\\\/balzer-gartengestaltung.de\\\/Valu%20Sichtschutz#breadcrumb\"},\"inLanguage\":\"de\",\"potentialAction\":[{\"@type\":\"ReadAction\",\"target\":[\"https:\\\/\\\/balzer-gartengestaltung.de\\\/Valu%20Sichtschutz\"]}]},{\"@type\":\"ImageObject\",\"inLanguage\":\"de\",\"@id\":\"https:\\\/\\\/balzer-gartengestaltung.de\\\/Valu%20Sichtschutz#primaryimage\",\"url\":\"https:\\\/\\\/balzer-gartengestaltung.de\\\/wp-content\\\/uploads\\\/2025\\\/01\\\/Screenshot-5.png\",\"contentUrl\":\"https:\\\/\\\/balzer-gartengestaltung.de\\\/wp-content\\\/uploads\\\/2025\\\/01\\\/Screenshot-5.png\",\"width\":179,\"height\":141},{\"@type\":\"BreadcrumbList\",\"@id\":\"https:\\\/\\\/balzer-gartengestaltung.de\\\/Valu%20Sichtschutz#breadcrumb\",\"itemListElement\":[{\"@type\":\"ListItem\",\"position\":1,\"name\":\"Start\",\"item\":\"https:\\\/\\\/balzer-gartengestaltung.de\\\/\"},{\"@type\":\"ListItem\",\"position\":2,\"name\":\"Valu Sichtschutz\"}]},{\"@type\":\"WebSite\",\"@id\":\"https:\\\/\\\/balzer-gartengestaltung.de\\\/#website\",\"url\":\"https:\\\/\\\/balzer-gartengestaltung.de\\\/\",\"name\":\"balzer-gartengestaltung\",\"description\":\"\",\"publisher\":{\"@id\":\"https:\\\/\\\/balzer-gartengestaltung.de\\\/#organization\"},\"potentialAction\":[{\"@type\":\"SearchAction\",\"target\":{\"@type\":\"EntryPoint\",\"urlTemplate\":\"https:\\\/\\\/balzer-gartengestaltung.de\\\/?s={search_term_string}\"},\"query-input\":{\"@type\":\"PropertyValueSpecification\",\"valueRequired\":true,\"valueName\":\"search_term_string\"}}],\"inLanguage\":\"de\"},{\"@type\":\"Organization\",\"@id\":\"https:\\\/\\\/balzer-gartengestaltung.de\\\/#organization\",\"name\":\"Balzer Garten & Landschaftsbau Natursteinhandel GmbH\",\"url\":\"https:\\\/\\\/balzer-gartengestaltung.de\\\/\",\"logo\":{\"@type\":\"ImageObject\",\"inLanguage\":\"de\",\"@id\":\"https:\\\/\\\/balzer-gartengestaltung.de\\\/#\\\/schema\\\/logo\\\/image\\\/\",\"url\":\"https:\\\/\\\/balzer-gartengestaltung.de\\\/wp-content\\\/uploads\\\/2025\\\/01\\\/cropped-Screenshot-2024-11-18-131313.png\",\"contentUrl\":\"https:\\\/\\\/balzer-gartengestaltung.de\\\/wp-content\\\/uploads\\\/2025\\\/01\\\/cropped-Screenshot-2024-11-18-131313.png\",\"width\":409,\"height\":196,\"caption\":\"Balzer Garten & Landschaftsbau Natursteinhandel GmbH\"},\"image\":{\"@id\":\"https:\\\/\\\/balzer-gartengestaltung.de\\\/#\\\/schema\\\/logo\\\/image\\\/\"},\"sameAs\":[\"https:\\\/\\\/www.facebook.com\\\/p\\\/Balzer-Garten-und-Landschaftsbau-100078155521552\",\"https:\\\/\\\/www.tiktok.com\\\/@balzer_gartengestaltung\",\"https:\\\/\\\/www.instagram.com\\\/balzer_gartengestaltung\\\/\"]}]}<\/script>\n<!-- \/ Yoast SEO plugin. -->","yoast_head_json":{"title":"Valu Sichtschutz -","description":"Valu Sichtschutz f\u00fcr Garten und Au\u00dfenbereich: moderne und langlebige Sichtschutzl\u00f6sungen f\u00fcr mehr Privatsph\u00e4re und Design. Balzer Gartengestaltung in Mittelhessen \u2013 individuell geplant und fachgerecht umgesetzt.","robots":{"index":"index","follow":"follow","max-snippet":"max-snippet:-1","max-image-preview":"max-image-preview:large","max-video-preview":"max-video-preview:-1"},"canonical":"https:\/\/balzer-gartengestaltung.de\/Valu Sichtschutz","og_locale":"de_DE","og_type":"article","og_title":"Valu Sichtschutz -","og_description":"Valu Sichtschutz f\u00fcr Garten und Au\u00dfenbereich: moderne und langlebige Sichtschutzl\u00f6sungen f\u00fcr mehr Privatsph\u00e4re und Design. Balzer Gartengestaltung in Mittelhessen \u2013 individuell geplant und fachgerecht umgesetzt.","og_url":"https:\/\/balzer-gartengestaltung.de\/Valu Sichtschutz","article_publisher":"https:\/\/www.facebook.com\/p\/Balzer-Garten-und-Landschaftsbau-100078155521552","article_modified_time":"2026-04-09T17:56:25+00:00","og_image":[{"url":"https:\/\/balzer-gartengestaltung.de\/wp-content\/uploads\/2025\/01\/Screenshot-5.png","type":"","width":"","height":""}],"twitter_card":"summary_large_image","twitter_misc":{"Gesch\u00e4tzte Lesezeit":"3\u00a0Minuten"},"schema":{"@context":"https:\/\/schema.org","@graph":[{"@type":"WebPage","@id":"https:\/\/balzer-gartengestaltung.de\/?page_id=8599","url":"https:\/\/balzer-gartengestaltung.de\/Valu%20Sichtschutz","name":"Valu Sichtschutz -","isPartOf":{"@id":"https:\/\/balzer-gartengestaltung.de\/#website"},"primaryImageOfPage":{"@id":"https:\/\/balzer-gartengestaltung.de\/Valu%20Sichtschutz#primaryimage"},"image":{"@id":"https:\/\/balzer-gartengestaltung.de\/Valu%20Sichtschutz#primaryimage"},"thumbnailUrl":"https:\/\/balzer-gartengestaltung.de\/wp-content\/uploads\/2025\/01\/Screenshot-5.png","datePublished":"2025-05-20T08:19:56+00:00","dateModified":"2026-04-09T17:56:25+00:00","description":"Valu Sichtschutz f\u00fcr Garten und Au\u00dfenbereich: moderne und langlebige Sichtschutzl\u00f6sungen f\u00fcr mehr Privatsph\u00e4re und Design. Balzer Gartengestaltung in Mittelhessen \u2013 individuell geplant und fachgerecht umgesetzt.","breadcrumb":{"@id":"https:\/\/balzer-gartengestaltung.de\/Valu%20Sichtschutz#breadcrumb"},"inLanguage":"de","potentialAction":[{"@type":"ReadAction","target":["https:\/\/balzer-gartengestaltung.de\/Valu%20Sichtschutz"]}]},{"@type":"ImageObject","inLanguage":"de","@id":"https:\/\/balzer-gartengestaltung.de\/Valu%20Sichtschutz#primaryimage","url":"https:\/\/balzer-gartengestaltung.de\/wp-content\/uploads\/2025\/01\/Screenshot-5.png","contentUrl":"https:\/\/balzer-gartengestaltung.de\/wp-content\/uploads\/2025\/01\/Screenshot-5.png","width":179,"height":141},{"@type":"BreadcrumbList","@id":"https:\/\/balzer-gartengestaltung.de\/Valu%20Sichtschutz#breadcrumb","itemListElement":[{"@type":"ListItem","position":1,"name":"Start","item":"https:\/\/balzer-gartengestaltung.de\/"},{"@type":"ListItem","position":2,"name":"Valu Sichtschutz"}]},{"@type":"WebSite","@id":"https:\/\/balzer-gartengestaltung.de\/#website","url":"https:\/\/balzer-gartengestaltung.de\/","name":"balzer-gartengestaltung","description":"","publisher":{"@id":"https:\/\/balzer-gartengestaltung.de\/#organization"},"potentialAction":[{"@type":"SearchAction","target":{"@type":"EntryPoint","urlTemplate":"https:\/\/balzer-gartengestaltung.de\/?s={search_term_string}"},"query-input":{"@type":"PropertyValueSpecification","valueRequired":true,"valueName":"search_term_string"}}],"inLanguage":"de"},{"@type":"Organization","@id":"https:\/\/balzer-gartengestaltung.de\/#organization","name":"Balzer Garten & Landschaftsbau Natursteinhandel GmbH","url":"https:\/\/balzer-gartengestaltung.de\/","logo":{"@type":"ImageObject","inLanguage":"de","@id":"https:\/\/balzer-gartengestaltung.de\/#\/schema\/logo\/image\/","url":"https:\/\/balzer-gartengestaltung.de\/wp-content\/uploads\/2025\/01\/cropped-Screenshot-2024-11-18-131313.png","contentUrl":"https:\/\/balzer-gartengestaltung.de\/wp-content\/uploads\/2025\/01\/cropped-Screenshot-2024-11-18-131313.png","width":409,"height":196,"caption":"Balzer Garten & Landschaftsbau Natursteinhandel GmbH"},"image":{"@id":"https:\/\/balzer-gartengestaltung.de\/#\/schema\/logo\/image\/"},"sameAs":["https:\/\/www.facebook.com\/p\/Balzer-Garten-und-Landschaftsbau-100078155521552","https:\/\/www.tiktok.com\/@balzer_gartengestaltung","https:\/\/www.instagram.com\/balzer_gartengestaltung\/"]}]}},"_links":{"self":[{"href":"https:\/\/balzer-gartengestaltung.de\/index.php?rest_route=\/wp\/v2\/pages\/8599","targetHints":{"allow":["GET"]}}],"collection":[{"href":"https:\/\/balzer-gartengestaltung.de\/index.php?rest_route=\/wp\/v2\/pages"}],"about":[{"href":"https:\/\/balzer-gartengestaltung.de\/index.php?rest_route=\/wp\/v2\/types\/page"}],"author":[{"embeddable":true,"href":"https:\/\/balzer-gartengestaltung.de\/index.php?rest_route=\/wp\/v2\/users\/1"}],"replies":[{"embeddable":true,"href":"https:\/\/balzer-gartengestaltung.de\/index.php?rest_route=%2Fwp%2Fv2%2Fcomments&post=8599"}],"version-history":[{"count":29,"href":"https:\/\/balzer-gartengestaltung.de\/index.php?rest_route=\/wp\/v2\/pages\/8599\/revisions"}],"predecessor-version":[{"id":15938,"href":"https:\/\/balzer-gartengestaltung.de\/index.php?rest_route=\/wp\/v2\/pages\/8599\/revisions\/15938"}],"wp:attachment":[{"href":"https:\/\/balzer-gartengestaltung.de\/index.php?rest_route=%2Fwp%2Fv2%2Fmedia&parent=8599"}],"curies":[{"name":"wp","href":"https:\/\/api.w.org\/{rel}","templated":true}]}}